{"id":45,"date":"2022-09-06T14:45:11","date_gmt":"2022-09-06T12:45:11","guid":{"rendered":"https:\/\/sunrise.hr\/new\/o-nama\/"},"modified":"2022-09-13T18:24:44","modified_gmt":"2022-09-13T16:24:44","slug":"o-nama","status":"publish","type":"page","link":"https:\/\/sunrise.hr\/hr\/o-nama\/","title":{"rendered":"O Nama"},"content":{"rendered":"<p>Turisti\u010dka agencija &#8220;SUNRISE&#8221; nalazi se na periferiji Selca i bavi se uslugama smje\u0161taja i iznajmljivanja privatnih soba i apartmana te organizacijom izleta.<\/p>\n<p>Agencija posluje od 1996. godine i svoj rad temelji na dobrim kontaktima s vlasnicima privatnih ku\u0107a. Rezultat toga su mnoge nove i obnovljene potra\u017enje za na\u0161im uslugama.<\/p>\n<p>Kvaliteta soba i apartmana kao i odr\u017eavanje uvjeta jedan su od na\u0161ih glavnih ciljeva.<\/p>\n<p>Ako \u017eelite provesti godi\u0161nji odmor i trebate pomo\u0107 u pronala\u017eenju ugodnog smje\u0161taja, kontaktirajte nas. Trudit \u0107emo se i sigurno prona\u0107i ne\u0161to po va\u0161em ukusu.<\/p>\n<p>Ku\u0107e na na\u0161im web stranicama samo su mali izbor ukupnog kapaciteta. Molimo, zatra\u017eite nas vi\u0161e informacija.<\/p>\n","protected":false},"excerpt":{"rendered":"<p>Turisti\u010dka agencija &#8220;SUNRISE&#8221; nalazi se na periferiji Selca i bavi se uslugama smje\u0161taja i iznajmljivanja privatnih soba i apartmana te organizacijom izleta. Agencija posluje od 1996&#8230;.<\/p>\n","protected":false},"author":1,"featured_media":31,"parent":0,"menu_order":8,"comment_status":"closed","ping_status":"closed","template":"page-about.php","meta":{"_acf_changed":false,"footnotes":""},"class_list":["post-45","page","type-page","status-publish","has-post-thumbnail","hentry"],"acf":[],"yoast_head":"<!-- This site is optimized with the Yoast SEO plugin v26.8 - https:\/\/yoast.com\/product\/yoast-seo-wordpress\/ -->\n<title>O Nama - SUNRISE<\/title>\n<meta name=\"robots\" content=\"index, follow, max-snippet:-1, max-image-preview:large, max-video-preview:-1\" \/>\n<link rel=\"canonical\" href=\"https:\/\/sunrise.hr\/hr\/o-nama\/\" \/>\n<meta property=\"og:locale\" content=\"hr_HR\" \/>\n<meta property=\"og:type\" content=\"article\" \/>\n<meta property=\"og:title\" content=\"O Nama - SUNRISE\" \/>\n<meta property=\"og:description\" content=\"Turisti\u010dka agencija &#8220;SUNRISE&#8221; nalazi se na periferiji Selca i bavi se uslugama smje\u0161taja i iznajmljivanja privatnih soba i apartmana te organizacijom izleta. Agencija posluje od 1996....\" \/>\n<meta property=\"og:url\" content=\"https:\/\/sunrise.hr\/hr\/o-nama\/\" \/>\n<meta property=\"og:site_name\" content=\"SUNRISE\" \/>\n<meta property=\"article:publisher\" content=\"https:\/\/www.facebook.com\/sunriseselce\" \/>\n<meta property=\"article:modified_time\" content=\"2022-09-13T16:24:44+00:00\" \/>\n<meta property=\"og:image\" content=\"https:\/\/sunrise.hr\/wp-content\/uploads\/slide1.jpg\" \/>\n\t<meta property=\"og:image:width\" content=\"2048\" \/>\n\t<meta property=\"og:image:height\" content=\"980\" \/>\n\t<meta property=\"og:image:type\" content=\"image\/jpeg\" \/>\n<meta name=\"twitter:card\" content=\"summary_large_image\" \/>\n<meta name=\"twitter:label1\" content=\"Procijenjeno vrijeme \u010ditanja\" \/>\n\t<meta name=\"twitter:data1\" content=\"1 minuta\" \/>\n<script type=\"application\/ld+json\" class=\"yoast-schema-graph\">{\"@context\":\"https:\/\/schema.org\",\"@graph\":[{\"@type\":\"WebPage\",\"@id\":\"https:\/\/sunrise.hr\/hr\/o-nama\/\",\"url\":\"https:\/\/sunrise.hr\/hr\/o-nama\/\",\"name\":\"O Nama - SUNRISE\",\"isPartOf\":{\"@id\":\"https:\/\/sunrise.hr\/hr\/#website\"},\"primaryImageOfPage\":{\"@id\":\"https:\/\/sunrise.hr\/hr\/o-nama\/#primaryimage\"},\"image\":{\"@id\":\"https:\/\/sunrise.hr\/hr\/o-nama\/#primaryimage\"},\"thumbnailUrl\":\"https:\/\/sunrise.hr\/wp-content\/uploads\/slide1.jpg\",\"datePublished\":\"2022-09-06T12:45:11+00:00\",\"dateModified\":\"2022-09-13T16:24:44+00:00\",\"breadcrumb\":{\"@id\":\"https:\/\/sunrise.hr\/hr\/o-nama\/#breadcrumb\"},\"inLanguage\":\"hr\",\"potentialAction\":[{\"@type\":\"ReadAction\",\"target\":[\"https:\/\/sunrise.hr\/hr\/o-nama\/\"]}]},{\"@type\":\"ImageObject\",\"inLanguage\":\"hr\",\"@id\":\"https:\/\/sunrise.hr\/hr\/o-nama\/#primaryimage\",\"url\":\"https:\/\/sunrise.hr\/wp-content\/uploads\/slide1.jpg\",\"contentUrl\":\"https:\/\/sunrise.hr\/wp-content\/uploads\/slide1.jpg\",\"width\":2048,\"height\":980},{\"@type\":\"BreadcrumbList\",\"@id\":\"https:\/\/sunrise.hr\/hr\/o-nama\/#breadcrumb\",\"itemListElement\":[{\"@type\":\"ListItem\",\"position\":1,\"name\":\"Home\",\"item\":\"https:\/\/sunrise.hr\/hr\/pocetna\/\"},{\"@type\":\"ListItem\",\"position\":2,\"name\":\"O Nama\"}]},{\"@type\":\"WebSite\",\"@id\":\"https:\/\/sunrise.hr\/hr\/#website\",\"url\":\"https:\/\/sunrise.hr\/hr\/\",\"name\":\"SUNRISE\",\"description\":\"Your Best Choice for Happy Holiday\",\"publisher\":{\"@id\":\"https:\/\/sunrise.hr\/hr\/#organization\"},\"potentialAction\":[{\"@type\":\"SearchAction\",\"target\":{\"@type\":\"EntryPoint\",\"urlTemplate\":\"https:\/\/sunrise.hr\/hr\/?s={search_term_string}\"},\"query-input\":{\"@type\":\"PropertyValueSpecification\",\"valueRequired\":true,\"valueName\":\"search_term_string\"}}],\"inLanguage\":\"hr\"},{\"@type\":\"Organization\",\"@id\":\"https:\/\/sunrise.hr\/hr\/#organization\",\"name\":\"SUNRISE\",\"url\":\"https:\/\/sunrise.hr\/hr\/\",\"logo\":{\"@type\":\"ImageObject\",\"inLanguage\":\"hr\",\"@id\":\"https:\/\/sunrise.hr\/hr\/#\/schema\/logo\/image\/\",\"url\":\"https:\/\/sunrise.hr\/wp-content\/uploads\/sunrise_logo.jpg\",\"contentUrl\":\"https:\/\/sunrise.hr\/wp-content\/uploads\/sunrise_logo.jpg\",\"width\":1920,\"height\":1080,\"caption\":\"SUNRISE\"},\"image\":{\"@id\":\"https:\/\/sunrise.hr\/hr\/#\/schema\/logo\/image\/\"},\"sameAs\":[\"https:\/\/www.facebook.com\/sunriseselce\"]}]}<\/script>\n<!-- \/ Yoast SEO plugin. -->","yoast_head_json":{"title":"O Nama - SUNRISE","robots":{"index":"index","follow":"follow","max-snippet":"max-snippet:-1","max-image-preview":"max-image-preview:large","max-video-preview":"max-video-preview:-1"},"canonical":"https:\/\/sunrise.hr\/hr\/o-nama\/","og_locale":"hr_HR","og_type":"article","og_title":"O Nama - SUNRISE","og_description":"Turisti\u010dka agencija &#8220;SUNRISE&#8221; nalazi se na periferiji Selca i bavi se uslugama smje\u0161taja i iznajmljivanja privatnih soba i apartmana te organizacijom izleta. Agencija posluje od 1996....","og_url":"https:\/\/sunrise.hr\/hr\/o-nama\/","og_site_name":"SUNRISE","article_publisher":"https:\/\/www.facebook.com\/sunriseselce","article_modified_time":"2022-09-13T16:24:44+00:00","og_image":[{"width":2048,"height":980,"url":"https:\/\/sunrise.hr\/wp-content\/uploads\/slide1.jpg","type":"image\/jpeg"}],"twitter_card":"summary_large_image","twitter_misc":{"Procijenjeno vrijeme \u010ditanja":"1 minuta"},"schema":{"@context":"https:\/\/schema.org","@graph":[{"@type":"WebPage","@id":"https:\/\/sunrise.hr\/hr\/o-nama\/","url":"https:\/\/sunrise.hr\/hr\/o-nama\/","name":"O Nama - SUNRISE","isPartOf":{"@id":"https:\/\/sunrise.hr\/hr\/#website"},"primaryImageOfPage":{"@id":"https:\/\/sunrise.hr\/hr\/o-nama\/#primaryimage"},"image":{"@id":"https:\/\/sunrise.hr\/hr\/o-nama\/#primaryimage"},"thumbnailUrl":"https:\/\/sunrise.hr\/wp-content\/uploads\/slide1.jpg","datePublished":"2022-09-06T12:45:11+00:00","dateModified":"2022-09-13T16:24:44+00:00","breadcrumb":{"@id":"https:\/\/sunrise.hr\/hr\/o-nama\/#breadcrumb"},"inLanguage":"hr","potentialAction":[{"@type":"ReadAction","target":["https:\/\/sunrise.hr\/hr\/o-nama\/"]}]},{"@type":"ImageObject","inLanguage":"hr","@id":"https:\/\/sunrise.hr\/hr\/o-nama\/#primaryimage","url":"https:\/\/sunrise.hr\/wp-content\/uploads\/slide1.jpg","contentUrl":"https:\/\/sunrise.hr\/wp-content\/uploads\/slide1.jpg","width":2048,"height":980},{"@type":"BreadcrumbList","@id":"https:\/\/sunrise.hr\/hr\/o-nama\/#breadcrumb","itemListElement":[{"@type":"ListItem","position":1,"name":"Home","item":"https:\/\/sunrise.hr\/hr\/pocetna\/"},{"@type":"ListItem","position":2,"name":"O Nama"}]},{"@type":"WebSite","@id":"https:\/\/sunrise.hr\/hr\/#website","url":"https:\/\/sunrise.hr\/hr\/","name":"SUNRISE","description":"Your Best Choice for Happy Holiday","publisher":{"@id":"https:\/\/sunrise.hr\/hr\/#organization"},"potentialAction":[{"@type":"SearchAction","target":{"@type":"EntryPoint","urlTemplate":"https:\/\/sunrise.hr\/hr\/?s={search_term_string}"},"query-input":{"@type":"PropertyValueSpecification","valueRequired":true,"valueName":"search_term_string"}}],"inLanguage":"hr"},{"@type":"Organization","@id":"https:\/\/sunrise.hr\/hr\/#organization","name":"SUNRISE","url":"https:\/\/sunrise.hr\/hr\/","logo":{"@type":"ImageObject","inLanguage":"hr","@id":"https:\/\/sunrise.hr\/hr\/#\/schema\/logo\/image\/","url":"https:\/\/sunrise.hr\/wp-content\/uploads\/sunrise_logo.jpg","contentUrl":"https:\/\/sunrise.hr\/wp-content\/uploads\/sunrise_logo.jpg","width":1920,"height":1080,"caption":"SUNRISE"},"image":{"@id":"https:\/\/sunrise.hr\/hr\/#\/schema\/logo\/image\/"},"sameAs":["https:\/\/www.facebook.com\/sunriseselce"]}]}},"_links":{"self":[{"href":"https:\/\/sunrise.hr\/hr\/wp-json\/wp\/v2\/pages\/45","targetHints":{"allow":["GET"]}}],"collection":[{"href":"https:\/\/sunrise.hr\/hr\/wp-json\/wp\/v2\/pages"}],"about":[{"href":"https:\/\/sunrise.hr\/hr\/wp-json\/wp\/v2\/types\/page"}],"author":[{"embeddable":true,"href":"https:\/\/sunrise.hr\/hr\/wp-json\/wp\/v2\/users\/1"}],"replies":[{"embeddable":true,"href":"https:\/\/sunrise.hr\/hr\/wp-json\/wp\/v2\/comments?post=45"}],"version-history":[{"count":1,"href":"https:\/\/sunrise.hr\/hr\/wp-json\/wp\/v2\/pages\/45\/revisions"}],"predecessor-version":[{"id":73,"href":"https:\/\/sunrise.hr\/hr\/wp-json\/wp\/v2\/pages\/45\/revisions\/73"}],"wp:featuredmedia":[{"embeddable":true,"href":"https:\/\/sunrise.hr\/hr\/wp-json\/wp\/v2\/media\/31"}],"wp:attachment":[{"href":"https:\/\/sunrise.hr\/hr\/wp-json\/wp\/v2\/media?parent=45"}],"curies":[{"name":"wp","href":"https:\/\/api.w.org\/{rel}","templated":true}]}}